{"id":5879,"date":"2025-09-24T21:16:24","date_gmt":"2025-09-25T02:16:24","guid":{"rendered":"https:\/\/www.adrianacontreras.co\/?post_type=product&#038;p=5879"},"modified":"2025-10-16T09:24:11","modified_gmt":"2025-10-16T14:24:11","slug":"vestido-trento","status":"publish","type":"product","link":"https:\/\/www.adrianacontreras.co\/en\/product\/vestido-trento\/","title":{"rendered":"Vestido Trento"},"content":{"rendered":"","protected":false},"excerpt":{"rendered":"<p>Elegante vestido largo confeccionado en georgette de ca\u00edda fluida y textura et\u00e9rea. Dise\u00f1o sofisticado con sensual escote en la espalda que a\u00f1ade un toque de seducci\u00f3n. Mangas amplias que aportan movimiento y romanticismo. Detalle de recogido en el frente que estiliza la silueta y realza la figura. Perfecto para eventos especiales, bodas o cenas elegantes. Una pieza vers\u00e1til que combina feminidad, sofisticaci\u00f3n y comodidad en un estilo bohemio-chic.<\/p>","protected":false},"featured_media":5894,"comment_status":"open","ping_status":"closed","template":"","meta":[],"product_brand":[],"product_cat":[15],"product_tag":[81],"class_list":{"0":"post-5879","1":"product","2":"type-product","3":"status-publish","4":"has-post-thumbnail","6":"product_cat-vestidos","7":"product_tag-amalfitana-colecction-2026","9":"first","10":"instock","11":"shipping-taxable","12":"purchasable","13":"product-type-variable"},"_links":{"self":[{"href":"https:\/\/www.adrianacontreras.co\/en\/wp-json\/wp\/v2\/product\/5879","targetHints":{"allow":["GET"]}}],"collection":[{"href":"https:\/\/www.adrianacontreras.co\/en\/wp-json\/wp\/v2\/product"}],"about":[{"href":"https:\/\/www.adrianacontreras.co\/en\/wp-json\/wp\/v2\/types\/product"}],"replies":[{"embeddable":true,"href":"https:\/\/www.adrianacontreras.co\/en\/wp-json\/wp\/v2\/comments?post=5879"}],"wp:featuredmedia":[{"embeddable":true,"href":"https:\/\/www.adrianacontreras.co\/en\/wp-json\/wp\/v2\/media\/5894"}],"wp:attachment":[{"href":"https:\/\/www.adrianacontreras.co\/en\/wp-json\/wp\/v2\/media?parent=5879"}],"wp:term":[{"taxonomy":"product_brand","embeddable":true,"href":"https:\/\/www.adrianacontreras.co\/en\/wp-json\/wp\/v2\/product_brand?post=5879"},{"taxonomy":"product_cat","embeddable":true,"href":"https:\/\/www.adrianacontreras.co\/en\/wp-json\/wp\/v2\/product_cat?post=5879"},{"taxonomy":"product_tag","embeddable":true,"href":"https:\/\/www.adrianacontreras.co\/en\/wp-json\/wp\/v2\/product_tag?post=5879"}],"curies":[{"name":"wp","href":"https:\/\/api.w.org\/{rel}","templated":true}]}}