{"id":5863,"date":"2025-09-24T21:09:41","date_gmt":"2025-09-25T02:09:41","guid":{"rendered":"https:\/\/www.adrianacontreras.co\/?post_type=product&#038;p=5863"},"modified":"2025-10-16T09:24:11","modified_gmt":"2025-10-16T14:24:11","slug":"pantalon-baratti","status":"publish","type":"product","link":"https:\/\/www.adrianacontreras.co\/en\/product\/pantalon-baratti\/","title":{"rendered":"Pantal\u00f3n Baratti"},"content":{"rendered":"","protected":false},"excerpt":{"rendered":"<p>Sofisticado pantal\u00f3n de corte cl\u00e1sico confeccionado en delicado torchon. Su tejido calado aporta textura y elegancia, mientras mantiene una silueta atemporal y favorecedora. Dise\u00f1o vers\u00e1til que combina el romanticismo del torchon con la estructura de un pantal\u00f3n tradicional. Ideal para looks casuales elegantes o eventos especiales, perfecto para combinar con blusas, tops o camisas. Una pieza \u00fanica que equilibra feminidad y estilo sofisticado.<\/p>","protected":false},"featured_media":5870,"comment_status":"open","ping_status":"closed","template":"","meta":[],"product_brand":[],"product_cat":[39],"product_tag":[81],"class_list":{"0":"post-5863","1":"product","2":"type-product","3":"status-publish","4":"has-post-thumbnail","6":"product_cat-pantalones-y-shorts","7":"product_tag-amalfitana-colecction-2026","9":"first","10":"instock","11":"shipping-taxable","12":"purchasable","13":"product-type-variable"},"_links":{"self":[{"href":"https:\/\/www.adrianacontreras.co\/en\/wp-json\/wp\/v2\/product\/5863","targetHints":{"allow":["GET"]}}],"collection":[{"href":"https:\/\/www.adrianacontreras.co\/en\/wp-json\/wp\/v2\/product"}],"about":[{"href":"https:\/\/www.adrianacontreras.co\/en\/wp-json\/wp\/v2\/types\/product"}],"replies":[{"embeddable":true,"href":"https:\/\/www.adrianacontreras.co\/en\/wp-json\/wp\/v2\/comments?post=5863"}],"wp:featuredmedia":[{"embeddable":true,"href":"https:\/\/www.adrianacontreras.co\/en\/wp-json\/wp\/v2\/media\/5870"}],"wp:attachment":[{"href":"https:\/\/www.adrianacontreras.co\/en\/wp-json\/wp\/v2\/media?parent=5863"}],"wp:term":[{"taxonomy":"product_brand","embeddable":true,"href":"https:\/\/www.adrianacontreras.co\/en\/wp-json\/wp\/v2\/product_brand?post=5863"},{"taxonomy":"product_cat","embeddable":true,"href":"https:\/\/www.adrianacontreras.co\/en\/wp-json\/wp\/v2\/product_cat?post=5863"},{"taxonomy":"product_tag","embeddable":true,"href":"https:\/\/www.adrianacontreras.co\/en\/wp-json\/wp\/v2\/product_tag?post=5863"}],"curies":[{"name":"wp","href":"https:\/\/api.w.org\/{rel}","templated":true}]}}