{"id":5810,"date":"2025-09-24T20:43:55","date_gmt":"2025-09-25T01:43:55","guid":{"rendered":"https:\/\/www.adrianacontreras.co\/?post_type=product&#038;p=5810"},"modified":"2025-10-16T09:24:11","modified_gmt":"2025-10-16T14:24:11","slug":"camisa-capraglia","status":"publish","type":"product","link":"https:\/\/www.adrianacontreras.co\/en\/product\/camisa-capraglia\/","title":{"rendered":"Camisa Capraglia"},"content":{"rendered":"","protected":false},"excerpt":{"rendered":"<p>Elegante camisa confeccionada en tela hoja rota de textura suave y ca\u00edda fluida. Dise\u00f1o cl\u00e1sico con golas. Manga corta ideal para clima c\u00e1lido. Destaca por sus delicados detalles en encaje que embellecen el dise\u00f1o, a\u00f1adiendo feminidad y distinci\u00f3n. Perfecta para ocasiones tanto casuales como formales, combinando comodidad y estilo.<\/p>","protected":false},"featured_media":5816,"comment_status":"open","ping_status":"closed","template":"","meta":[],"product_brand":[],"product_cat":[40],"product_tag":[81],"class_list":{"0":"post-5810","1":"product","2":"type-product","3":"status-publish","4":"has-post-thumbnail","6":"product_cat-top-y-camisas","7":"product_tag-amalfitana-colecction-2026","9":"first","10":"instock","11":"shipping-taxable","12":"purchasable","13":"product-type-variable"},"_links":{"self":[{"href":"https:\/\/www.adrianacontreras.co\/en\/wp-json\/wp\/v2\/product\/5810","targetHints":{"allow":["GET"]}}],"collection":[{"href":"https:\/\/www.adrianacontreras.co\/en\/wp-json\/wp\/v2\/product"}],"about":[{"href":"https:\/\/www.adrianacontreras.co\/en\/wp-json\/wp\/v2\/types\/product"}],"replies":[{"embeddable":true,"href":"https:\/\/www.adrianacontreras.co\/en\/wp-json\/wp\/v2\/comments?post=5810"}],"wp:featuredmedia":[{"embeddable":true,"href":"https:\/\/www.adrianacontreras.co\/en\/wp-json\/wp\/v2\/media\/5816"}],"wp:attachment":[{"href":"https:\/\/www.adrianacontreras.co\/en\/wp-json\/wp\/v2\/media?parent=5810"}],"wp:term":[{"taxonomy":"product_brand","embeddable":true,"href":"https:\/\/www.adrianacontreras.co\/en\/wp-json\/wp\/v2\/product_brand?post=5810"},{"taxonomy":"product_cat","embeddable":true,"href":"https:\/\/www.adrianacontreras.co\/en\/wp-json\/wp\/v2\/product_cat?post=5810"},{"taxonomy":"product_tag","embeddable":true,"href":"https:\/\/www.adrianacontreras.co\/en\/wp-json\/wp\/v2\/product_tag?post=5810"}],"curies":[{"name":"wp","href":"https:\/\/api.w.org\/{rel}","templated":true}]}}