{"id":4228,"date":"2023-10-24T00:20:49","date_gmt":"2023-10-24T00:20:49","guid":{"rendered":"https:\/\/www.adrianacontreras.co\/?page_id=4228"},"modified":"2025-05-08T15:06:50","modified_gmt":"2025-05-08T20:06:50","slug":"politica-de-devoluciones","status":"publish","type":"page","link":"https:\/\/www.adrianacontreras.co\/en\/politica-de-devoluciones\/","title":{"rendered":"Return Policy"},"content":{"rendered":"<div data-elementor-type=\"wp-page\" data-elementor-id=\"4228\" class=\"elementor elementor-4228\" data-elementor-post-type=\"page\">\n\t\t\t\t<div class=\"elementor-element elementor-element-7472a1b e-flex e-con-boxed lakit-col-width-auto-no e-container e-root-container elementor-top-section e-con e-parent\" data-id=\"7472a1b\" data-element_type=\"container\" data-e-type=\"container\">\n\t\t\t\t\t<div class=\"e-con-inner\">\n\t\t\t\t<div class=\"elementor-element elementor-element-a1dc997 elementor-widget-divider--view-line elementor-widget elementor-widget-divider\" data-id=\"a1dc997\" data-element_type=\"widget\" data-e-type=\"widget\" data-widget_type=\"divider.default\">\n\t\t\t\t<div class=\"elementor-widget-container\">\n\t\t\t\t\t\t\t<div class=\"elementor-divider\">\n\t\t\t<span class=\"elementor-divider-separator\">\n\t\t\t\t\t\t<\/span>\n\t\t<\/div>\n\t\t\t\t\t\t<\/div>\n\t\t\t\t<\/div>\n\t\t\t\t<div class=\"elementor-element elementor-element-0384d73 elementor-widget elementor-widget-text-editor\" data-id=\"0384d73\" data-element_type=\"widget\" data-e-type=\"widget\" data-widget_type=\"text-editor.default\">\n\t\t\t\t<div class=\"elementor-widget-container\">\n\t\t\t\t\t\t\t\t\t<h3>\u00a0<\/h3><p>\u00a0la\u00a0 marca\u00a0<span style=\"font-family: Jost, sans-serif, -apple-system, BlinkMacSystemFont, 'Segoe UI', Poppins, 'Helvetica Neue', Arial, 'Noto Sans', sans-serif, 'Apple Color Emoji', 'Segoe UI Emoji', 'Segoe UI Symbol', 'Noto Color Emoji'; font-size: 16px; font-style: normal; font-variant-ligatures: normal; font-variant-caps: normal; font-weight: 400; text-align: var(--text-align); background-color: var(--theme-body-bg-color); color: var(--theme-body-font-color);\">Adriana Contreras<\/span><span style=\"font-family: Jost, sans-serif, -apple-system, BlinkMacSystemFont, 'Segoe UI', Poppins, 'Helvetica Neue', Arial, 'Noto Sans', sans-serif, 'Apple Color Emoji', 'Segoe UI Emoji', 'Segoe UI Symbol', 'Noto Color Emoji'; font-size: 16px; font-style: normal; font-variant-ligatures: normal; font-variant-caps: normal; font-weight: 400; text-align: var(--text-align); background-color: var(--theme-body-bg-color); color: var(--theme-body-font-color);\">\u00a0<\/span><span style=\"text-align: var(--text-align); background-color: var(--theme-body-bg-color); color: var(--theme-body-font-color);\">\u00a0offers its customers the possibility to make exchanges and returns of products, subject to the following conditions:<\/span><\/p><p><strong>Deadline for Exchanges and Returns:<\/strong>The customer may request exchanges or returns within 15 business days following the date of receipt of the product.\u00a0<\/p><p><strong>Product Conditions:<\/strong>The product must be in perfect condition, showing no signs of use, and must include all original tags and accessories. \nExchanges and Returns Process: To request an exchange or return, the customer must contact us via the following channels:\nEmail: contacto@adrianacontreras.co\nPhone: +57 3153822120\nThe Adriana Contreras customer service team will guide the customer through the exchange or return process and coordinate the necessary logistics.\u00a0<\/p><p><strong>Shipping Costs<\/strong>The shipping costs associated with exchanges and returns will be borne by the customer, except in cases of defective products or errors in shipping on the part of Textimoda SAS.<\/p>\t\t\t\t\t\t\t\t<\/div>\n\t\t\t\t<\/div>\n\t\t\t\t<div class=\"elementor-element elementor-element-49ab52d elementor-widget-divider--view-line elementor-widget elementor-widget-divider\" data-id=\"49ab52d\" data-element_type=\"widget\" data-e-type=\"widget\" data-widget_type=\"divider.default\">\n\t\t\t\t<div class=\"elementor-widget-container\">\n\t\t\t\t\t\t\t<div class=\"elementor-divider\">\n\t\t\t<span class=\"elementor-divider-separator\">\n\t\t\t\t\t\t<\/span>\n\t\t<\/div>\n\t\t\t\t\t\t<\/div>\n\t\t\t\t<\/div>\n\t\t\t\t<div class=\"elementor-element elementor-element-0f3e08e elementor-widget elementor-widget-spacer\" data-id=\"0f3e08e\" data-element_type=\"widget\" data-e-type=\"widget\" data-widget_type=\"spacer.default\">\n\t\t\t\t<div class=\"elementor-widget-container\">\n\t\t\t\t\t\t\t<div class=\"elementor-spacer\">\n\t\t\t<div class=\"elementor-spacer-inner\"><\/div>\n\t\t<\/div>\n\t\t\t\t\t\t<\/div>\n\t\t\t\t<\/div>\n\t\t\t\t\t<\/div>\n\t\t\t\t<\/div>\n\t\t\t\t<\/div>","protected":false},"excerpt":{"rendered":"<p>\u00a0 \u00a0la\u00a0 marca\u00a0Adriana Contreras\u00a0\u00a0ofrece a sus clientes la posibilidad de realizar cambios y devoluciones de productos, sujetos a las siguientes condiciones: Plazo para Cambios y Devoluciones: El cliente podr\u00e1 solicitar cambios o devoluciones dentro de los 15 d\u00edas h\u00e1biles siguientes a la fecha de recepci\u00f3n del producto.\u00a0 Condiciones del Producto: El&hellip;<\/p>","protected":false},"author":1,"featured_media":0,"parent":0,"menu_order":0,"comment_status":"closed","ping_status":"closed","template":"","meta":{"footnotes":""},"class_list":["post-4228","page","type-page","status-publish","hentry"],"_links":{"self":[{"href":"https:\/\/www.adrianacontreras.co\/en\/wp-json\/wp\/v2\/pages\/4228","targetHints":{"allow":["GET"]}}],"collection":[{"href":"https:\/\/www.adrianacontreras.co\/en\/wp-json\/wp\/v2\/pages"}],"about":[{"href":"https:\/\/www.adrianacontreras.co\/en\/wp-json\/wp\/v2\/types\/page"}],"author":[{"embeddable":true,"href":"https:\/\/www.adrianacontreras.co\/en\/wp-json\/wp\/v2\/users\/1"}],"replies":[{"embeddable":true,"href":"https:\/\/www.adrianacontreras.co\/en\/wp-json\/wp\/v2\/comments?post=4228"}],"version-history":[{"count":0,"href":"https:\/\/www.adrianacontreras.co\/en\/wp-json\/wp\/v2\/pages\/4228\/revisions"}],"wp:attachment":[{"href":"https:\/\/www.adrianacontreras.co\/en\/wp-json\/wp\/v2\/media?parent=4228"}],"curies":[{"name":"wp","href":"https:\/\/api.w.org\/{rel}","templated":true}]}}