{"id":3760,"date":"2023-10-13T20:29:37","date_gmt":"2023-10-13T20:29:37","guid":{"rendered":"https:\/\/www.adrianacontreras.co\/?page_id=3760"},"modified":"2025-05-19T14:55:05","modified_gmt":"2025-05-19T19:55:05","slug":"quienes-somos","status":"publish","type":"page","link":"https:\/\/www.adrianacontreras.co\/en\/quienes-somos\/","title":{"rendered":"About us"},"content":{"rendered":"<div data-elementor-type=\"wp-page\" data-elementor-id=\"3760\" class=\"elementor elementor-3760\" data-elementor-post-type=\"page\">\n\t\t\t\t<div class=\"elementor-element elementor-element-49f6db0 e-flex e-con-boxed lakit-col-width-auto-no e-container e-root-container elementor-top-section e-con e-parent\" data-id=\"49f6db0\" data-element_type=\"container\" data-e-type=\"container\" data-settings=\"{&quot;background_background&quot;:&quot;classic&quot;}\">\n\t\t\t\t\t<div class=\"e-con-inner\">\n\t\t\t\t<div class=\"elementor-element elementor-element-1db324a elementor-widget elementor-widget-heading\" data-id=\"1db324a\" data-element_type=\"widget\" data-e-type=\"widget\" data-widget_type=\"heading.default\">\n\t\t\t\t<div class=\"elementor-widget-container\">\n\t\t\t\t\t<h2 class=\"elementor-heading-title elementor-size-default\">A global identity that inspires and empowers authentic women.<\/h2>\t\t\t\t<\/div>\n\t\t\t\t<\/div>\n\t\t\t\t<div class=\"elementor-element elementor-element-7b12e65 elementor-widget elementor-widget-heading\" data-id=\"7b12e65\" data-element_type=\"widget\" data-e-type=\"widget\" data-widget_type=\"heading.default\">\n\t\t\t\t<div class=\"elementor-widget-container\">\n\t\t\t\t\t<h3 class=\"elementor-heading-title elementor-size-default\">Timeless elegance, contemporary awareness.<\/h3>\t\t\t\t<\/div>\n\t\t\t\t<\/div>\n\t\t\t\t\t<\/div>\n\t\t\t\t<\/div>\n\t\t<div class=\"elementor-element elementor-element-c14f47f e-con-full e-flex lakit-col-width-auto-no e-container e-root-container elementor-top-section e-con e-parent\" data-id=\"c14f47f\" data-element_type=\"container\" data-e-type=\"container\">\n\t\t<div class=\"elementor-element elementor-element-acc3f73 e-con-full e-flex lakit-col-width-auto-no e-container e-con e-child\" data-id=\"acc3f73\" data-element_type=\"container\" data-e-type=\"container\">\n\t\t\t\t<div class=\"elementor-element elementor-element-526b93e elementor-widget elementor-widget-heading\" data-id=\"526b93e\" data-element_type=\"widget\" data-e-type=\"widget\" data-widget_type=\"heading.default\">\n\t\t\t\t<div class=\"elementor-widget-container\">\n\t\t\t\t\t<h2 class=\"elementor-heading-title elementor-size-default\">Nuestra historia<\/h2>\t\t\t\t<\/div>\n\t\t\t\t<\/div>\n\t\t\t\t<div class=\"elementor-element elementor-element-cb76e2b elementor-hidden-mobile_extra elementor-hidden-mobile elementor-widget lastudio-kit elementor-lakit-timeline-horizontal\" data-id=\"cb76e2b\" data-element_type=\"widget\" data-e-type=\"widget\" data-widget_type=\"lakit-timeline-horizontal.default\">\n\t\t\t\t\t\n<div class=\"lakit-htimeline lakit-htimeline--layout-chess lakit-htimeline--align-left lakit-htimeline--arrows-nav\" data-columns=\"{&quot;desktop&quot;:4,&quot;tablet&quot;:3,&quot;mobile&quot;:3}\">\n\t<div class=\"lakit-htimeline-inner\">\n\t\t<div class=\"lakit-htimeline-track\">\n            <div class=\"lakit-htimeline-list lakit-htimeline-list--top\">\n<div class=\"lakit-htimeline-item elementor-repeater-item-012c498 is-active\" data-item-id=\"012c498\">\n\t\n<div class=\"lakit-htimeline-item__card\">\n\t<div class=\"lakit-htimeline-item__card-inner\">\n\t\t<h5 class=\"lakit-htimeline-item__card-title\">Breakthrough Designer \u2014 Cromos Magazine<\/h5><div class=\"lakit-htimeline-item__card-desc\">Cromos Magazine recognizes Adriana Contreras as a breakthrough designer for her talent and creativity in fashion concepts, establishing her in the industry.<\/div>\t<\/div>\n\t<div class=\"lakit-htimeline-item__card-arrow\"><\/div><\/div>\n<\/div>\n\n<div class=\"lakit-htimeline-item elementor-repeater-item-e1d68e5\" data-item-id=\"e1d68e5\">\n\t<div class=\"lakit-htimeline-item__meta\">2012<\/div><\/div>\n\n<div class=\"lakit-htimeline-item elementor-repeater-item-0ce7ebd\" data-item-id=\"0ce7ebd\">\n\t\n<div class=\"lakit-htimeline-item__card\">\n\t<div class=\"lakit-htimeline-item__card-inner\">\n\t\t<h5 class=\"lakit-htimeline-item__card-title\">Coterie, New York<\/h5><div class=\"lakit-htimeline-item__card-desc\">Launches her 'Traves\u00eda' collection at one of New York City's most important fashion events, showcasing Colombian design talent.<\/div>\t<\/div>\n\t<div class=\"lakit-htimeline-item__card-arrow\"><\/div><\/div>\n<\/div>\n\n<div class=\"lakit-htimeline-item elementor-repeater-item-38d2d3c\" data-item-id=\"38d2d3c\">\n\t<div class=\"lakit-htimeline-item__meta\">2016<\/div><\/div>\n\n<div class=\"lakit-htimeline-item elementor-repeater-item-4b3ab74\" data-item-id=\"4b3ab74\">\n\t\n<div class=\"lakit-htimeline-item__card\">\n\t<div class=\"lakit-htimeline-item__card-inner\">\n\t\t<h5 class=\"lakit-htimeline-item__card-title\">Colombia Moda<\/h5><div class=\"lakit-htimeline-item__card-desc\">Adriana dazzled with the launch of her collection, which focused on highlighting female empowerment and trends in sustainable design.<\/div>\t<\/div>\n\t<div class=\"lakit-htimeline-item__card-arrow\"><\/div><\/div>\n<\/div>\n<\/div><div class=\"lakit-htimeline-list lakit-htimeline-list--middle\">\n\t<div class=\"lakit-htimeline__line\"><\/div>\n\n<div class=\"lakit-htimeline-item elementor-repeater-item-012c498 is-active\" data-item-id=\"012c498\">\n\t<div class=\"lakit-htimeline-item__point\"><div class=\"lakit-htimeline-item__point-content\"><\/div><\/div><\/div>\n\n<div class=\"lakit-htimeline-item elementor-repeater-item-e1d68e5\" data-item-id=\"e1d68e5\">\n\t<div class=\"lakit-htimeline-item__point\"><div class=\"lakit-htimeline-item__point-content\"><\/div><\/div><\/div>\n\n<div class=\"lakit-htimeline-item elementor-repeater-item-0ce7ebd\" data-item-id=\"0ce7ebd\">\n\t<div class=\"lakit-htimeline-item__point\"><div class=\"lakit-htimeline-item__point-content\"><\/div><\/div><\/div>\n\n<div class=\"lakit-htimeline-item elementor-repeater-item-38d2d3c\" data-item-id=\"38d2d3c\">\n\t<div class=\"lakit-htimeline-item__point\"><div class=\"lakit-htimeline-item__point-content\"><\/div><\/div><\/div>\n\n<div class=\"lakit-htimeline-item elementor-repeater-item-4b3ab74\" data-item-id=\"4b3ab74\">\n\t<div class=\"lakit-htimeline-item__point\"><div class=\"lakit-htimeline-item__point-content\"><\/div><\/div><\/div>\n<\/div><div class=\"lakit-htimeline-list lakit-htimeline-list--bottom\">\n<div class=\"lakit-htimeline-item elementor-repeater-item-012c498 is-active\" data-item-id=\"012c498\">\n\t<div class=\"lakit-htimeline-item__meta\">2007<\/div><\/div>\n\n<div class=\"lakit-htimeline-item elementor-repeater-item-e1d68e5\" data-item-id=\"e1d68e5\">\n\t\n<div class=\"lakit-htimeline-item__card\">\n\t<div class=\"lakit-htimeline-item__card-inner\">\n\t\t<h5 class=\"lakit-htimeline-item__card-title\">Intermoda, Mexico<\/h5><div class=\"lakit-htimeline-item__card-desc\">A spectacular year, launching the Kaleidoscope collection at Mexico\u2019s most important fashion exhibition, inspired by Colombian diversity.<\/div>\t<\/div>\n\t<div class=\"lakit-htimeline-item__card-arrow\"><\/div><\/div>\n<\/div>\n\n<div class=\"lakit-htimeline-item elementor-repeater-item-0ce7ebd\" data-item-id=\"0ce7ebd\">\n\t<div class=\"lakit-htimeline-item__meta\">2016<\/div><\/div>\n\n<div class=\"lakit-htimeline-item elementor-repeater-item-38d2d3c\" data-item-id=\"38d2d3c\">\n\t\n<div class=\"lakit-htimeline-item__card\">\n\t<div class=\"lakit-htimeline-item__card-inner\">\n\t\t<h5 class=\"lakit-htimeline-item__card-title\">Expansion to Japan and Saudi Arabia<\/h5><div class=\"lakit-htimeline-item__card-desc\">Successfully enters these markets after hard work at international fairs, allowing these garments to reach more global markets.<\/div>\t<\/div>\n\t<div class=\"lakit-htimeline-item__card-arrow\"><\/div><\/div>\n<\/div>\n\n<div class=\"lakit-htimeline-item elementor-repeater-item-4b3ab74\" data-item-id=\"4b3ab74\">\n\t<div class=\"lakit-htimeline-item__meta\">2023<\/div><\/div>\n<\/div>\t\t<\/div>\n        \t<\/div>\n\t<button class=\"lakit-arrow prev-arrow arrow-disabled\"><svg xmlns=\"http:\/\/www.w3.org\/2000\/svg\" width=\"300\" height=\"300\" viewbox=\"0 0 300 300\" class=\"lakit-font-icon-svg\" data-icon-name=\"left-arrow\" data-icon-type=\"LaStudioIcons\"><path d=\"M212.4 292.8L78.6 158.7c-4.8-4.8-4.8-12.6 0-17.7L212.4 7.2l17.7 17.7L105.3 150l124.8 125.1-17.7 17.7z\" fill=\"currentColor\"\/><\/svg><\/button><button class=\"lakit-arrow next-arrow\"><svg xmlns=\"http:\/\/www.w3.org\/2000\/svg\" width=\"300\" height=\"300\" viewbox=\"0 0 300 300\" class=\"lakit-font-icon-svg\" data-icon-name=\"right-arrow\" data-icon-type=\"LaStudioIcons\"><path d=\"M87.6 292.8l-17.7-17.7L194.7 150 69.9 24.9 87.6 7.2 221.4 141c4.8 5.1 4.8 12.9 0 17.7L87.6 292.8z\" fill=\"currentColor\"\/><\/svg><\/button><\/div>\t\t\t\t<\/div>\n\t\t\t\t<div class=\"elementor-element elementor-element-e4a184a elementor-hidden-desktop elementor-hidden-laptop elementor-hidden-tablet elementor-widget lastudio-kit elementor-lakit-timeline-vertical\" data-id=\"e4a184a\" data-element_type=\"widget\" data-e-type=\"widget\" data-widget_type=\"lakit-timeline-vertical.default\">\n\t\t\t\t\t<div class=\"lakit-vtimeline lakit-vtimeline--align-center lakit-vtimeline--align-middle\">\n\t<div class=\"lakit-vtimeline__line\"><div class=\"lakit-vtimeline__line-progress\"><\/div><\/div>\n\t<div class=\"lakit-vtimeline-list\"><div class=\"lakit-vtimeline-item  elementor-repeater-item-eb817cf\">\n\t<div class=\"lakit-vtimeline-item__card\">\n\t\t<div class=\"lakit-vtimeline-item__card-inner\">\n\t\t\t\t\t\t\t\t<div class=\"lakit-vtimeline-item__card-content\">\n\t\t\t\t\t<div class=\"lakit-vtimeline-item__meta\"><div class=\"lakit-vtimeline-item__meta-content\">2007<\/div><\/div><div class=\"lakit-vtimeline-item__card-content-inner\"><div class=\"lakit-vtimeline-item__card-title\">Breakthrough Designer \u2014 Cromos Magazine<\/div><div class=\"lakit-vtimeline-item__card-desc\"><p>Cromos Magazine recognizes Adriana Contreras as a breakthrough designer for her talent and creativity in fashion concepts, establishing her in the industry.<\/p><\/div><\/div>\t\t\t\t<\/div>\n\t\t<\/div>\n\t\t<div class=\"lakit-vtimeline-item__card-arrow\"><\/div>\n\t<\/div>\n\t<div class=\"lakit-vtimeline-item__point\"><\/div><div class=\"lakit-vtimeline-item__meta\"><div class=\"lakit-vtimeline-item__meta-content\">2007<\/div><\/div><\/div><div class=\"lakit-vtimeline-item  elementor-repeater-item-8b9f790\">\n\t<div class=\"lakit-vtimeline-item__card\">\n\t\t<div class=\"lakit-vtimeline-item__card-inner\">\n\t\t\t\t\t\t\t\t<div class=\"lakit-vtimeline-item__card-content\">\n\t\t\t\t\t<div class=\"lakit-vtimeline-item__meta\"><div class=\"lakit-vtimeline-item__meta-content\">2012<\/div><\/div><div class=\"lakit-vtimeline-item__card-content-inner\"><div class=\"lakit-vtimeline-item__card-title\">Intermoda, Mexico<\/div><div class=\"lakit-vtimeline-item__card-desc\"><p>A spectacular year, launching the Kaleidoscope collection at Mexico\u2019s most important fashion exhibition, inspired by Colombian diversity.<\/p><\/div><\/div>\t\t\t\t<\/div>\n\t\t<\/div>\n\t\t<div class=\"lakit-vtimeline-item__card-arrow\"><\/div>\n\t<\/div>\n\t<div class=\"lakit-vtimeline-item__point\"><\/div><div class=\"lakit-vtimeline-item__meta\"><div class=\"lakit-vtimeline-item__meta-content\">2012<\/div><\/div><\/div><div class=\"lakit-vtimeline-item  elementor-repeater-item-833ef5c\">\n\t<div class=\"lakit-vtimeline-item__card\">\n\t\t<div class=\"lakit-vtimeline-item__card-inner\">\n\t\t\t\t\t\t\t\t<div class=\"lakit-vtimeline-item__card-content\">\n\t\t\t\t\t<div class=\"lakit-vtimeline-item__meta\"><div class=\"lakit-vtimeline-item__meta-content\">2016<\/div><\/div><div class=\"lakit-vtimeline-item__card-content-inner\"><div class=\"lakit-vtimeline-item__card-title\">Coterie, New York<\/div><div class=\"lakit-vtimeline-item__card-desc\"><p>Launches her 'Traves\u00eda' collection at one of New York City's most important fashion events, showcasing Colombian design talent.<\/p><\/div><\/div>\t\t\t\t<\/div>\n\t\t<\/div>\n\t\t<div class=\"lakit-vtimeline-item__card-arrow\"><\/div>\n\t<\/div>\n\t<div class=\"lakit-vtimeline-item__point\"><\/div><div class=\"lakit-vtimeline-item__meta\"><div class=\"lakit-vtimeline-item__meta-content\">2016<\/div><\/div><\/div><div class=\"lakit-vtimeline-item  elementor-repeater-item-9a573f2\">\n\t<div class=\"lakit-vtimeline-item__card\">\n\t\t<div class=\"lakit-vtimeline-item__card-inner\">\n\t\t\t\t\t\t\t\t<div class=\"lakit-vtimeline-item__card-content\">\n\t\t\t\t\t<div class=\"lakit-vtimeline-item__meta\"><div class=\"lakit-vtimeline-item__meta-content\">2016<\/div><\/div><div class=\"lakit-vtimeline-item__card-content-inner\"><div class=\"lakit-vtimeline-item__card-title\">Expansion to Japan and Saudi Arabia<\/div><div class=\"lakit-vtimeline-item__card-desc\"><p>Successfully enters these markets after hard work at international fairs, allowing these garments to reach more global markets.<\/p><\/div><\/div>\t\t\t\t<\/div>\n\t\t<\/div>\n\t\t<div class=\"lakit-vtimeline-item__card-arrow\"><\/div>\n\t<\/div>\n\t<div class=\"lakit-vtimeline-item__point\"><\/div><div class=\"lakit-vtimeline-item__meta\"><div class=\"lakit-vtimeline-item__meta-content\">2016<\/div><\/div><\/div><div class=\"lakit-vtimeline-item  elementor-repeater-item-4cff6a8\">\n\t<div class=\"lakit-vtimeline-item__card\">\n\t\t<div class=\"lakit-vtimeline-item__card-inner\">\n\t\t\t\t\t\t\t\t<div class=\"lakit-vtimeline-item__card-content\">\n\t\t\t\t\t<div class=\"lakit-vtimeline-item__meta\"><div class=\"lakit-vtimeline-item__meta-content\">2023<\/div><\/div><div class=\"lakit-vtimeline-item__card-content-inner\"><div class=\"lakit-vtimeline-item__card-title\">Colombia Moda<\/div><div class=\"lakit-vtimeline-item__card-desc\"><p>Adriana dazzled with the launch of her collection, which focused on highlighting female empowerment and trends in sustainable design.<\/p><\/div><\/div>\t\t\t\t<\/div>\n\t\t<\/div>\n\t\t<div class=\"lakit-vtimeline-item__card-arrow\"><\/div>\n\t<\/div>\n\t<div class=\"lakit-vtimeline-item__point\"><\/div><div class=\"lakit-vtimeline-item__meta\"><div class=\"lakit-vtimeline-item__meta-content\">2023<\/div><\/div><\/div><\/div><\/div>\t\t\t\t<\/div>\n\t\t\t\t<\/div>\n\t\t\t\t<\/div>\n\t\t\t\t<\/div>","protected":false},"excerpt":{"rendered":"<p>Una identidad global que inspira y empodera a mujeres aut\u00e9nticas Elegancia atemporal, conciencia contempor\u00e1nea Nuestra historia Dise\u00f1adora revelaci\u00f3n Revista Cromos La revista Cromos, reconoce a Adriana Contreras como dise\u00f1adora revelaci\u00f3n por su talento y creatividad en sus conceptos de moda, consolid\u00e1ndola en la industria. 2012 Coterie, Nueva York Lanza su colecci\u00f3n&hellip;<\/p>","protected":false},"author":1,"featured_media":0,"parent":0,"menu_order":0,"comment_status":"closed","ping_status":"closed","template":"","meta":{"footnotes":""},"class_list":["post-3760","page","type-page","status-publish","hentry"],"_links":{"self":[{"href":"https:\/\/www.adrianacontreras.co\/en\/wp-json\/wp\/v2\/pages\/3760","targetHints":{"allow":["GET"]}}],"collection":[{"href":"https:\/\/www.adrianacontreras.co\/en\/wp-json\/wp\/v2\/pages"}],"about":[{"href":"https:\/\/www.adrianacontreras.co\/en\/wp-json\/wp\/v2\/types\/page"}],"author":[{"embeddable":true,"href":"https:\/\/www.adrianacontreras.co\/en\/wp-json\/wp\/v2\/users\/1"}],"replies":[{"embeddable":true,"href":"https:\/\/www.adrianacontreras.co\/en\/wp-json\/wp\/v2\/comments?post=3760"}],"version-history":[{"count":0,"href":"https:\/\/www.adrianacontreras.co\/en\/wp-json\/wp\/v2\/pages\/3760\/revisions"}],"wp:attachment":[{"href":"https:\/\/www.adrianacontreras.co\/en\/wp-json\/wp\/v2\/media?parent=3760"}],"curies":[{"name":"wp","href":"https:\/\/api.w.org\/{rel}","templated":true}]}}